{"id":13010,"date":"2024-03-14T13:18:37","date_gmt":"2024-03-14T12:18:37","guid":{"rendered":"https:\/\/coolpack2025.webdeveloperz.nl\/unkategorisiert\/sample-pcm-pack-21-c-200-gram\/"},"modified":"2026-04-03T12:56:26","modified_gmt":"2026-04-03T10:56:26","slug":"sample-pcm-pack-21-c-200-gram","status":"publish","type":"product","link":"https:\/\/www.coolpack.nl\/de\/produkt\/sample-pcm-pack-21-c-200-gram\/","title":{"rendered":"Probe PCM Pack Hydrofreeze -21 \u00b0C 200 g"},"content":{"rendered":"<h2><strong>Probe PCM Pack -21 \u00b0C 200 g<\/strong><\/h2>\n<p><strong>Unsere <a title=\"PCM\" href=\"https:\/\/www.coolpack.nl\/de\/kuhlmittel\/phase-change-material\/\">Phase Change Material<\/a> (PCM)-Packungen sind auslaufsichere Beutel in Form herk\u00f6mmlicher Gelpacks, die mit einer innovativen PCM-K\u00fchlf\u00fcllung gef\u00fcllt sind. Diese Verpackungen halten Ihre Produkte w\u00e4hrend des Transports auf der richtigen Temperatur. Dieses Beispielprodukt enth\u00e4lt eine -21\u00b0C HydroFreezeTM K\u00fchll\u00f6sung, die eine langfristige Temperaturstabilit\u00e4t um -21\u00b0C gew\u00e4hrleistet. Die Verpackungen sind mit einer Siegelnaht versiegelt, die ein Auslaufen verhindert.   <\/strong><\/p>\n<p>Die Verpackungen sind von sehr hoher Qualit\u00e4t und auslaufsicher gestaltet. Sie sind ideal f\u00fcr den Transport ohne R\u00fccksendung und standardm\u00e4\u00dfig ab Lager lieferbar. Die Verpackungen sind wiederverwendbar, vorausgesetzt, sie wurden ordnungsgem\u00e4\u00df auf Besch\u00e4digungen \u00fcberpr\u00fcft. Sie werden in unserem eigenen Werk in den Niederlanden hergestellt.   <\/p>\n<h2>HydroFreezeTM<\/h2>\n<p>HydroFreezeTM -21\u00b0 PCM-L\u00f6sung enth\u00e4lt nur FDA-zugelassene, lebensmittelechte Inhaltsstoffe und hat einen Gefrierpunkt von -21\u00b0C. Bewahren Sie HydroFreeze\u2122 bei mindestens -30\u00b0C auf; sobald es gefroren ist, ist es sofort einsatzbereit. Diese L\u00f6sung bietet eine langfristige Temperaturstabilit\u00e4t um -21\u00b0C und ist eine sichere Alternative zu Trockeneis &#8211; verwenden Sie HydroFreeze\u2122, wenn -21\u00b0C ausreichend ist. Dar\u00fcber hinaus ist die L\u00f6sung umweltfreundlich und kann gefahrlos unter flie\u00dfendem Wasser im Sp\u00fclbecken heruntergesp\u00fclt werden.   <\/p>\n<p><strong>Dieses Produkt sofort bestellen? Bestellen Sie das <a title=\"Hier bestellen\" href=\"https:\/\/www.coolpack.nl\/packs\/pcm-pack-21-c-200-gram\/\">PCM Pack -21 \u00b0C 200 Gramm hier .<\/a> <\/strong><\/p>\n","protected":false},"excerpt":{"rendered":"<p>[single-product-attributes]<\/p>\n","protected":false},"featured_media":23833,"template":"","meta":{"_acf_changed":false,"site-sidebar-layout":"default","site-content-layout":"","ast-site-content-layout":"default","site-content-style":"default","site-sidebar-style":"default","ast-global-header-display":"","ast-banner-title-visibility":"","ast-main-header-display":"","ast-hfb-above-header-display":"","ast-hfb-below-header-display":"","ast-hfb-mobile-header-display":"","site-post-title":"","ast-breadcrumbs-content":"","ast-featured-img":"","footer-sml-layout":"","ast-disable-related-posts":"","theme-transparent-header-meta":"default","adv-header-id-meta":"","stick-header-meta":"","header-above-stick-meta":"","header-main-stick-meta":"","header-below-stick-meta":"","astra-migrate-meta-layouts":"set","ast-page-background-enabled":"default","ast-page-background-meta":{"desktop":{"background-color":"var(--ast-global-color-5)","background-image":"","background-repeat":"repeat","background-position":"center center","background-size":"auto","background-attachment":"scroll","background-type":"","background-media":"","overlay-type":"","overlay-color":"","overlay-opacity":"","overlay-gradient":""},"tablet":{"background-color":"","background-image":"","background-repeat":"repeat","background-position":"center center","background-size":"auto","background-attachment":"scroll","background-type":"","background-media":"","overlay-type":"","overlay-color":"","overlay-opacity":"","overlay-gradient":""},"mobile":{"background-color":"","background-image":"","background-repeat":"repeat","background-position":"center center","background-size":"auto","background-attachment":"scroll","background-type":"","background-media":"","overlay-type":"","overlay-color":"","overlay-opacity":"","overlay-gradient":""}},"ast-content-background-meta":{"desktop":{"background-color":"var(--ast-global-color-4)","background-image":"","background-repeat":"repeat","background-position":"center center","background-size":"auto","background-attachment":"scroll","background-type":"","background-media":"","overlay-type":"","overlay-color":"","overlay-opacity":"","overlay-gradient":""},"tablet":{"background-color":"var(--ast-global-color-4)","background-image":"","background-repeat":"repeat","background-position":"center center","background-size":"auto","background-attachment":"scroll","background-type":"","background-media":"","overlay-type":"","overlay-color":"","overlay-opacity":"","overlay-gradient":""},"mobile":{"background-color":"var(--ast-global-color-4)","background-image":"","background-repeat":"repeat","background-position":"center center","background-size":"auto","background-attachment":"scroll","background-type":"","background-media":"","overlay-type":"","overlay-color":"","overlay-opacity":"","overlay-gradient":""}}},"product_brand":[],"product_cat":[1039,309],"product_tag":[],"class_list":{"0":"post-13010","1":"product","2":"type-product","3":"status-publish","4":"has-post-thumbnail","6":"product_cat-packs-de","7":"product_cat-proben","8":"pa_koelmiddelen-attribute-packs-de","9":"pa_standaard-temperaturen-min-21c-de","10":"desktop-align-left","11":"tablet-align-left","12":"mobile-align-left","14":"first","15":"instock","16":"taxable","17":"shipping-taxable","18":"purchasable","19":"product-type-simple"},"acf":[],"_links":{"self":[{"href":"https:\/\/www.coolpack.nl\/de\/wp-json\/wp\/v2\/product\/13010","targetHints":{"allow":["GET"]}}],"collection":[{"href":"https:\/\/www.coolpack.nl\/de\/wp-json\/wp\/v2\/product"}],"about":[{"href":"https:\/\/www.coolpack.nl\/de\/wp-json\/wp\/v2\/types\/product"}],"wp:featuredmedia":[{"embeddable":true,"href":"https:\/\/www.coolpack.nl\/de\/wp-json\/wp\/v2\/media\/23833"}],"wp:attachment":[{"href":"https:\/\/www.coolpack.nl\/de\/wp-json\/wp\/v2\/media?parent=13010"}],"wp:term":[{"taxonomy":"product_brand","embeddable":true,"href":"https:\/\/www.coolpack.nl\/de\/wp-json\/wp\/v2\/product_brand?post=13010"},{"taxonomy":"product_cat","embeddable":true,"href":"https:\/\/www.coolpack.nl\/de\/wp-json\/wp\/v2\/product_cat?post=13010"},{"taxonomy":"product_tag","embeddable":true,"href":"https:\/\/www.coolpack.nl\/de\/wp-json\/wp\/v2\/product_tag?post=13010"}],"curies":[{"name":"wp","href":"https:\/\/api.w.org\/{rel}","templated":true}]}}