{"id":13018,"date":"2024-03-14T13:18:37","date_gmt":"2024-03-14T12:18:37","guid":{"rendered":"https:\/\/coolpack2025.webdeveloperz.nl\/unkategorisiert\/sample-pcm-pack-21-c-680-gram\/"},"modified":"2026-04-03T12:56:24","modified_gmt":"2026-04-03T10:56:24","slug":"sample-pcm-pack-21-c-680-gram","status":"publish","type":"product","link":"https:\/\/www.coolpack.nl\/de\/produkt\/sample-pcm-pack-21-c-680-gram\/","title":{"rendered":"Probe PCM Pack Hydrofreeze -21 \u00b0C 680 g"},"content":{"rendered":"<h2><strong>Probe PCM Gelpack -21\u00b0C 680 g<\/strong><\/h2>\n<p><strong>Bestellen Sie ein Muster dieses PCM-Gelpacks PCM -21\u00b0C 680 Gramm und entdecken Sie die M\u00f6glichkeiten f\u00fcr Ihren Produkttransport. Die Packs sind auslaufsichere Beutel mit einer lebensmittelechten <a title=\"Phase Change Material\" href=\"https:\/\/www.coolpack.nl\/de\/kuhlmittel\/phase-change-material\/\">PCM-K\u00fchlf\u00fcllung<\/a>, die Ihre Produkte auf der gew\u00fcnschten Temperatur halten.  Neben der Bef\u00fcllung mit -21\u00b0C HydroFreezeTM sind auch andere Temperaturbereiche m\u00f6glich.  <\/strong><\/p>\n<h2>HydroFreeze\u2122 -21\u00b0<\/h2>\n<p>HydroFreeze\u2122 bietet eine konstante Gefrierl\u00f6sung mit einer Temperatur von etwa -21\u00b0C. Sie sollte bei mindestens -30\u00b0C gelagert werden und ist einsatzbereit, sobald sie vollst\u00e4ndig gefroren ist. Diese L\u00f6sung ist v\u00f6llig lebensmittelecht, mit FDA-zugelassenen Inhaltsstoffen und eine sichere Alternative zu Trockeneis. HydroFreeze\u2122 ist au\u00dferdem umweltfreundlich; die L\u00f6sung kann problemlos im Sp\u00fclbecken heruntergesp\u00fclt werden.   <\/p>\n<h2>Merkmale der PCM Packs<\/h2>\n<p>Die PCM (Phase Change Material)-Technologie erm\u00f6glicht es, den Erstarrungs- und Schmelzpunkt einzustellen, so dass wir eine breite Palette von Temperaturen f\u00fcr unsere PCM-Packungen anbieten k\u00f6nnen. Diese Packungen haben eine klassische <a title=\"Kissen- und Tray-Packs\" href=\"https:\/\/www.coolpack.nl\/de\/kuhlmittel\/gel-packungen\/\">Gelpack-Form<\/a> und sind dank der Siegelnaht an der R\u00fcckseite, oben und unten absolut auslaufsicher. Sie eignen sich sowohl f\u00fcr den Transport mit als auch ohne R\u00fcckfluss und bieten eine hervorragende Qualit\u00e4t.  <\/p>\n<h3>Benutzerdefinierte Optionen<\/h3>\n<p>Unsere Produkte sind in einer Breite von bis zu 275 mm erh\u00e4ltlich und k\u00f6nnen in der L\u00e4nge flexibel an Ihre Bed\u00fcrfnisse angepasst werden. Sie k\u00f6nnen ganz nach Ihren W\u00fcnschen bedruckt werden (lesen Sie hier mehr). Wir bieten auch die M\u00f6glichkeit, sie mit transparenter Folie und verschiedenen Folien und gek\u00fchlten F\u00fcllungen zu \u00fcberziehen. Dar\u00fcber hinaus sind mehrere Temperaturbereiche verf\u00fcgbar, um unterschiedlichen Anforderungen gerecht zu werden. Kontaktieren Sie uns, um alle <a title=\"Kontaktieren Sie uns\" href=\"https:\/\/www.coolpack.nl\/de\/massgeschneiderte-beratung\/\">Anpassungsm\u00f6glichkeiten<\/a> zu besprechen.    <\/p>\n<h3>Hinweise zum Recycling nach Gebrauch<\/h3>\n<p>Sie k\u00f6nnen die PCM-Packung wiederverwenden, solange sie unbesch\u00e4digt bleibt. Die Verpackungen sind aus haltbarer PA-PE-Folie hergestellt, f\u00fcr die es in den Niederlanden keinen separaten Recyclingstrom gibt. Daher kann die Packung \u00fcber den Restm\u00fcll entsorgt werden. Die PCM-L\u00f6sung ist ablaufsicher und kann unter flie\u00dfendem Wasser im Waschbecken heruntergesp\u00fclt werden.   <\/p>\n","protected":false},"excerpt":{"rendered":"<p>[single-product-attributes]<\/p>\n","protected":false},"featured_media":23833,"template":"","meta":{"_acf_changed":false,"site-sidebar-layout":"default","site-content-layout":"","ast-site-content-layout":"default","site-content-style":"default","site-sidebar-style":"default","ast-global-header-display":"","ast-banner-title-visibility":"","ast-main-header-display":"","ast-hfb-above-header-display":"","ast-hfb-below-header-display":"","ast-hfb-mobile-header-display":"","site-post-title":"","ast-breadcrumbs-content":"","ast-featured-img":"","footer-sml-layout":"","ast-disable-related-posts":"","theme-transparent-header-meta":"default","adv-header-id-meta":"","stick-header-meta":"","header-above-stick-meta":"","header-main-stick-meta":"","header-below-stick-meta":"","astra-migrate-meta-layouts":"set","ast-page-background-enabled":"default","ast-page-background-meta":{"desktop":{"background-color":"var(--ast-global-color-5)","background-image":"","background-repeat":"repeat","background-position":"center center","background-size":"auto","background-attachment":"scroll","background-type":"","background-media":"","overlay-type":"","overlay-color":"","overlay-opacity":"","overlay-gradient":""},"tablet":{"background-color":"","background-image":"","background-repeat":"repeat","background-position":"center center","background-size":"auto","background-attachment":"scroll","background-type":"","background-media":"","overlay-type":"","overlay-color":"","overlay-opacity":"","overlay-gradient":""},"mobile":{"background-color":"","background-image":"","background-repeat":"repeat","background-position":"center center","background-size":"auto","background-attachment":"scroll","background-type":"","background-media":"","overlay-type":"","overlay-color":"","overlay-opacity":"","overlay-gradient":""}},"ast-content-background-meta":{"desktop":{"background-color":"var(--ast-global-color-4)","background-image":"","background-repeat":"repeat","background-position":"center center","background-size":"auto","background-attachment":"scroll","background-type":"","background-media":"","overlay-type":"","overlay-color":"","overlay-opacity":"","overlay-gradient":""},"tablet":{"background-color":"var(--ast-global-color-4)","background-image":"","background-repeat":"repeat","background-position":"center center","background-size":"auto","background-attachment":"scroll","background-type":"","background-media":"","overlay-type":"","overlay-color":"","overlay-opacity":"","overlay-gradient":""},"mobile":{"background-color":"var(--ast-global-color-4)","background-image":"","background-repeat":"repeat","background-position":"center center","background-size":"auto","background-attachment":"scroll","background-type":"","background-media":"","overlay-type":"","overlay-color":"","overlay-opacity":"","overlay-gradient":""}}},"product_brand":[],"product_cat":[1039,309],"product_tag":[],"class_list":{"0":"post-13018","1":"product","2":"type-product","3":"status-publish","4":"has-post-thumbnail","6":"product_cat-packs-de","7":"product_cat-proben","8":"pa_koelmiddelen-attribute-packs-de","9":"pa_standaard-temperaturen-min-21c-de","10":"desktop-align-left","11":"tablet-align-left","12":"mobile-align-left","14":"first","15":"instock","16":"taxable","17":"shipping-taxable","18":"purchasable","19":"product-type-simple"},"acf":[],"_links":{"self":[{"href":"https:\/\/www.coolpack.nl\/de\/wp-json\/wp\/v2\/product\/13018","targetHints":{"allow":["GET"]}}],"collection":[{"href":"https:\/\/www.coolpack.nl\/de\/wp-json\/wp\/v2\/product"}],"about":[{"href":"https:\/\/www.coolpack.nl\/de\/wp-json\/wp\/v2\/types\/product"}],"wp:featuredmedia":[{"embeddable":true,"href":"https:\/\/www.coolpack.nl\/de\/wp-json\/wp\/v2\/media\/23833"}],"wp:attachment":[{"href":"https:\/\/www.coolpack.nl\/de\/wp-json\/wp\/v2\/media?parent=13018"}],"wp:term":[{"taxonomy":"product_brand","embeddable":true,"href":"https:\/\/www.coolpack.nl\/de\/wp-json\/wp\/v2\/product_brand?post=13018"},{"taxonomy":"product_cat","embeddable":true,"href":"https:\/\/www.coolpack.nl\/de\/wp-json\/wp\/v2\/product_cat?post=13018"},{"taxonomy":"product_tag","embeddable":true,"href":"https:\/\/www.coolpack.nl\/de\/wp-json\/wp\/v2\/product_tag?post=13018"}],"curies":[{"name":"wp","href":"https:\/\/api.w.org\/{rel}","templated":true}]}}