{"id":13044,"date":"2022-04-11T16:42:48","date_gmt":"2022-04-11T14:42:48","guid":{"rendered":"https:\/\/coolpack2025.webdeveloperz.nl\/unkategorisiert\/absorptiemat-320-x-200-mm-1500-ml-capaciteit\/"},"modified":"2026-04-03T12:55:06","modified_gmt":"2026-04-03T10:55:06","slug":"nimmt-1500-ml-auf","status":"publish","type":"product","link":"https:\/\/www.coolpack.nl\/de\/produkt\/nimmt-1500-ml-auf\/","title":{"rendered":"Absorptionsmatte 1500 ml &#8211; solange der Vorrat reicht"},"content":{"rendered":"<h2><strong>Absorptionsmatte 1500ml<\/strong><\/h2>\n<p><strong>Optimaler Schutz vor Kondensation und Feuchtigkeit<\/strong><\/p>\n<p>Absorptionsmatten wurden entwickelt, um Kondenswasser und Feuchtigkeit, die w\u00e4hrend des Transports oder der Lagerung freigesetzt werden, aufzufangen. Beim K\u00fchltransport kommt es h\u00e4ufig zu Kondensation, die f\u00fcr viele Produkte sch\u00e4dlich sein kann. Obst, Gem\u00fcse, Fleisch und Fisch k\u00f6nnen aufgrund von Feuchtigkeit schneller verderben, und auch Medikamente m\u00fcssen w\u00e4hrend des Transports trocken bleiben.  <\/p>\n<p><strong>Hohe Absorptionsf\u00e4higkeit<\/strong><\/p>\n<p>Mit unseren Absorptionsmatten halten Sie Ihre Produkte trocken und in optimalem Zustand und verhindern Feuchtigkeitssch\u00e4den. Coolpack bietet Absorptionsmatten mit verschiedenen Absorptionskapazit\u00e4ten an. Diese spezielle Matte kann 1,5 Liter Feuchtigkeit aufnehmen. F\u00fcr eine maximale Wirksamkeit wurde bei diesem Produkt auf nicht absorbierende Elemente wie synthetischen Klebstoff oder Bindemittel verzichtet.   <\/p>\n<p>Wir bieten auch Absorptionsmatten mit einem Fassungsverm\u00f6gen von 600 ml, 4 Litern und 7,5 Litern an. Andere Gr\u00f6\u00dfen und Kapazit\u00e4ten sind auf Anfrage erh\u00e4ltlich. Bitte nehmen Sie Kontakt mit uns auf, um Ihren speziellen Bedarf zu besprechen oder wenn Sie sich nicht sicher sind, welche Absorptionsmatte f\u00fcr Ihre Anwendung am besten geeignet ist.  <\/p>\n<p><strong>Nachhaltige Entsorgung nach Gebrauch<\/strong><\/p>\n<p>Absorptionsmatten sind nach dem Gebrauch oft nicht sauber und sollten daher \u00fcber den Restm\u00fcll entsorgt werden. So k\u00f6nnen sie am Ende ihrer Nutzungsdauer zu Strom, W\u00e4rme und Rohstoffen recycelt werden. Haben Sie Fragen? Nehmen Sie Kontakt mit uns auf!   <\/p>\n","protected":false},"excerpt":{"rendered":"<p>Unsere Absorptionsmatten halten Ihre Produkte trocken und in optimalem Zustand und verhindern Feuchtigkeitssch\u00e4den.<\/p>\n","protected":false},"featured_media":23871,"template":"","meta":{"_acf_changed":false,"site-sidebar-layout":"default","site-content-layout":"","ast-site-content-layout":"default","site-content-style":"default","site-sidebar-style":"default","ast-global-header-display":"","ast-banner-title-visibility":"","ast-main-header-display":"","ast-hfb-above-header-display":"","ast-hfb-below-header-display":"","ast-hfb-mobile-header-display":"","site-post-title":"","ast-breadcrumbs-content":"","ast-featured-img":"","footer-sml-layout":"","ast-disable-related-posts":"","theme-transparent-header-meta":"default","adv-header-id-meta":"","stick-header-meta":"","header-above-stick-meta":"","header-main-stick-meta":"","header-below-stick-meta":"","astra-migrate-meta-layouts":"set","ast-page-background-enabled":"default","ast-page-background-meta":{"desktop":{"background-color":"var(--ast-global-color-5)","background-image":"","background-repeat":"repeat","background-position":"center center","background-size":"auto","background-attachment":"scroll","background-type":"","background-media":"","overlay-type":"","overlay-color":"","overlay-opacity":"","overlay-gradient":""},"tablet":{"background-color":"","background-image":"","background-repeat":"repeat","background-position":"center center","background-size":"auto","background-attachment":"scroll","background-type":"","background-media":"","overlay-type":"","overlay-color":"","overlay-opacity":"","overlay-gradient":""},"mobile":{"background-color":"","background-image":"","background-repeat":"repeat","background-position":"center center","background-size":"auto","background-attachment":"scroll","background-type":"","background-media":"","overlay-type":"","overlay-color":"","overlay-opacity":"","overlay-gradient":""}},"ast-content-background-meta":{"desktop":{"background-color":"var(--ast-global-color-4)","background-image":"","background-repeat":"repeat","background-position":"center center","background-size":"auto","background-attachment":"scroll","background-type":"","background-media":"","overlay-type":"","overlay-color":"","overlay-opacity":"","overlay-gradient":""},"tablet":{"background-color":"var(--ast-global-color-4)","background-image":"","background-repeat":"repeat","background-position":"center center","background-size":"auto","background-attachment":"scroll","background-type":"","background-media":"","overlay-type":"","overlay-color":"","overlay-opacity":"","overlay-gradient":""},"mobile":{"background-color":"var(--ast-global-color-4)","background-image":"","background-repeat":"repeat","background-position":"center center","background-size":"auto","background-attachment":"scroll","background-type":"","background-media":"","overlay-type":"","overlay-color":"","overlay-opacity":"","overlay-gradient":""}}},"product_brand":[],"product_cat":[562,936,1052],"product_tag":[],"class_list":{"0":"post-13044","1":"product","2":"type-product","3":"status-publish","4":"has-post-thumbnail","6":"product_cat-absorptionsmatten","7":"product_cat-kuehlverpackungen-de","8":"product_cat-sale-de","9":"product_shipping_class-einzelne-boxen","10":"desktop-align-left","11":"tablet-align-left","12":"mobile-align-left","14":"first","15":"outofstock","16":"taxable","17":"shipping-taxable","18":"purchasable","19":"product-type-simple"},"acf":[],"_links":{"self":[{"href":"https:\/\/www.coolpack.nl\/de\/wp-json\/wp\/v2\/product\/13044","targetHints":{"allow":["GET"]}}],"collection":[{"href":"https:\/\/www.coolpack.nl\/de\/wp-json\/wp\/v2\/product"}],"about":[{"href":"https:\/\/www.coolpack.nl\/de\/wp-json\/wp\/v2\/types\/product"}],"wp:featuredmedia":[{"embeddable":true,"href":"https:\/\/www.coolpack.nl\/de\/wp-json\/wp\/v2\/media\/23871"}],"wp:attachment":[{"href":"https:\/\/www.coolpack.nl\/de\/wp-json\/wp\/v2\/media?parent=13044"}],"wp:term":[{"taxonomy":"product_brand","embeddable":true,"href":"https:\/\/www.coolpack.nl\/de\/wp-json\/wp\/v2\/product_brand?post=13044"},{"taxonomy":"product_cat","embeddable":true,"href":"https:\/\/www.coolpack.nl\/de\/wp-json\/wp\/v2\/product_cat?post=13044"},{"taxonomy":"product_tag","embeddable":true,"href":"https:\/\/www.coolpack.nl\/de\/wp-json\/wp\/v2\/product_tag?post=13044"}],"curies":[{"name":"wp","href":"https:\/\/api.w.org\/{rel}","templated":true}]}}