{"id":13090,"date":"2022-03-30T11:02:06","date_gmt":"2022-03-30T09:02:06","guid":{"rendered":"https:\/\/coolpack2025.webdeveloperz.nl\/unkategorisiert\/gelpack-traypack-400gr\/"},"modified":"2025-04-28T14:05:40","modified_gmt":"2025-04-28T12:05:40","slug":"gelpack-traypack-400gr","status":"publish","type":"product","link":"https:\/\/www.coolpack.nl\/de\/produkt\/gelpack-traypack-400gr\/","title":{"rendered":"Tablett 0 \u00b0C 400 g"},"content":{"rendered":"<p><strong>Gelpack Traypacks sind Einweg-K\u00fchlelemente, die Ihre Produkte bis zu mehreren Tagen bei 0 bis 8 \u00b0C k\u00fchl halten. Andere Temperaturbereiche sind ebenfalls erh\u00e4ltlich.   <\/strong><strong>Sie haben die Form einer stabilen Schale, die oben an allen 4 Seiten versiegelt ist. Die Traypacks sind aus starker PA-PE-Folie hergestellt. <\/strong><\/p>\n<p>&nbsp;<\/p>\n<h3><strong>Unterschied zwischen Gelpack, Kissenpack und Traypack<\/strong><\/h3>\n<p>Der Hauptunterschied zwischen einem Gelpack Pillowpack und einem Gelpack Traypack besteht in der Form und Dicke der Folie. W\u00e4hrend das Traypack wie ein Tablett mit N\u00e4hten an der Oberseite geformt ist, ist das Pillowpack wie ein Beutel mit N\u00e4hten an der Ober- und Unterseite geformt. Der Vorteil des Traypacks besteht darin, dass eine gleichm\u00e4\u00dfige, h\u00f6here Dicke von 40 m erreicht werden kann.  <\/p>\n<p>&nbsp;<\/p>\n<p>Varianten des gelpack Traypacks sind das spongepack und foampack (auch foambrick genannt), die mit einem Schwamm oder Schaumstoffblock gef\u00fcllt sind &#8211; so behalten sie ihre Form auch im ungefrorenen Zustand.<\/p>\n<p>&nbsp;<\/p>\n<h3><strong>Merkmale des Gelpacks Traypack<\/strong><\/h3>\n<ul>\n<li>Sehr gute Qualit\u00e4t und auslaufsicher<\/li>\n<li>Ideal f\u00fcr Transporte ohne R\u00fccklauf<\/li>\n<li>Viele Gr\u00f6\u00dfen standardm\u00e4\u00dfig ab Lager lieferbar<\/li>\n<li>Wiederverwendbar (sorgf\u00e4ltig auf Sch\u00e4den pr\u00fcfen)<\/li>\n<li>Polymer-Gel oder Zellulose-Gel<\/li>\n<li>Produziert auf unserem eigenen Gel\u00e4nde in Assendelft<\/li>\n<\/ul>\n<p>&nbsp;<\/p>\n<h3><strong>Anpassungsm\u00f6glichkeiten<\/strong><\/h3>\n<ul>\n<li>Bis zu 380 mm breit und 40 mm dick, L\u00e4nge flexibel<\/li>\n<li>Eigener Druck m\u00f6glich<a title=\"Personalisierung mit Coolpack\" href=\"https:\/\/www.coolpack.nl\/kennisbank\/gelpacks-bedrukken-en-koelelementen-personaliseren-het-kan-bij-coolpack\/\">(lesen Sie hier mehr<\/a>)<\/li>\n<li>Die Dicke des Gels ist einstellbar<\/li>\n<li>Gel-Decken, Gel-Schablonen oder segmentierte Gel-Packungen m\u00f6glich<\/li>\n<li>Verschiedene Temperaturbereiche m\u00f6glich<\/li>\n<\/ul>\n<p>&nbsp;<\/p>\n<h3><strong>Anleitung nach Gebrauch recyceln<\/strong><\/h3>\n<p>Sie k\u00f6nnen die Traypackung wiederverwenden, solange sie unbesch\u00e4digt ist. Die Traypacks bestehen aus starker PA-PE-Folie, f\u00fcr die es in den Niederlanden keinen separaten Recyclingstrom gibt. Die gesamte Traypackung kann daher \u00fcber den Restm\u00fcll entsorgt werden.  <\/p>\n","protected":false},"excerpt":{"rendered":"<p>[single-product-attributes]<\/p>\n","protected":false},"featured_media":8706,"template":"","meta":{"_acf_changed":false,"site-sidebar-layout":"default","site-content-layout":"","ast-site-content-layout":"default","site-content-style":"default","site-sidebar-style":"default","ast-global-header-display":"","ast-banner-title-visibility":"","ast-main-header-display":"","ast-hfb-above-header-display":"","ast-hfb-below-header-display":"","ast-hfb-mobile-header-display":"","site-post-title":"","ast-breadcrumbs-content":"","ast-featured-img":"","footer-sml-layout":"","ast-disable-related-posts":"","theme-transparent-header-meta":"default","adv-header-id-meta":"","stick-header-meta":"","header-above-stick-meta":"","header-main-stick-meta":"","header-below-stick-meta":"","astra-migrate-meta-layouts":"default","ast-page-background-enabled":"default","ast-page-background-meta":{"desktop":{"background-color":"var(--ast-global-color-5)","background-image":"","background-repeat":"repeat","background-position":"center center","background-size":"auto","background-attachment":"scroll","background-type":"","background-media":"","overlay-type":"","overlay-color":"","overlay-opacity":"","overlay-gradient":""},"tablet":{"background-color":"","background-image":"","background-repeat":"repeat","background-position":"center center","background-size":"auto","background-attachment":"scroll","background-type":"","background-media":"","overlay-type":"","overlay-color":"","overlay-opacity":"","overlay-gradient":""},"mobile":{"background-color":"","background-image":"","background-repeat":"repeat","background-position":"center center","background-size":"auto","background-attachment":"scroll","background-type":"","background-media":"","overlay-type":"","overlay-color":"","overlay-opacity":"","overlay-gradient":""}},"ast-content-background-meta":{"desktop":{"background-color":"var(--ast-global-color-4)","background-image":"","background-repeat":"repeat","background-position":"center center","background-size":"auto","background-attachment":"scroll","background-type":"","background-media":"","overlay-type":"","overlay-color":"","overlay-opacity":"","overlay-gradient":""},"tablet":{"background-color":"var(--ast-global-color-4)","background-image":"","background-repeat":"repeat","background-position":"center center","background-size":"auto","background-attachment":"scroll","background-type":"","background-media":"","overlay-type":"","overlay-color":"","overlay-opacity":"","overlay-gradient":""},"mobile":{"background-color":"var(--ast-global-color-4)","background-image":"","background-repeat":"repeat","background-position":"center center","background-size":"auto","background-attachment":"scroll","background-type":"","background-media":"","overlay-type":"","overlay-color":"","overlay-opacity":"","overlay-gradient":""}}},"product_brand":[],"product_cat":[362],"product_tag":[349,348],"class_list":{"0":"post-13090","1":"product","2":"type-product","3":"status-publish","4":"has-post-thumbnail","6":"product_cat-gelpacks","7":"product_tag-food-proof-de","8":"product_tag-non-toxic-de","9":"product_shipping_class-einzelne-boxen","10":"pa_koelmiddelen-attribute-packs-de","11":"pa_standaard-temperaturen-0c-de","12":"desktop-align-left","13":"tablet-align-left","14":"mobile-align-left","16":"first","17":"outofstock","18":"taxable","19":"shipping-taxable","20":"purchasable","21":"product-type-simple"},"acf":[],"_links":{"self":[{"href":"https:\/\/www.coolpack.nl\/de\/wp-json\/wp\/v2\/product\/13090","targetHints":{"allow":["GET"]}}],"collection":[{"href":"https:\/\/www.coolpack.nl\/de\/wp-json\/wp\/v2\/product"}],"about":[{"href":"https:\/\/www.coolpack.nl\/de\/wp-json\/wp\/v2\/types\/product"}],"wp:featuredmedia":[{"embeddable":true,"href":"https:\/\/www.coolpack.nl\/de\/wp-json\/wp\/v2\/media\/8706"}],"wp:attachment":[{"href":"https:\/\/www.coolpack.nl\/de\/wp-json\/wp\/v2\/media?parent=13090"}],"wp:term":[{"taxonomy":"product_brand","embeddable":true,"href":"https:\/\/www.coolpack.nl\/de\/wp-json\/wp\/v2\/product_brand?post=13090"},{"taxonomy":"product_cat","embeddable":true,"href":"https:\/\/www.coolpack.nl\/de\/wp-json\/wp\/v2\/product_cat?post=13090"},{"taxonomy":"product_tag","embeddable":true,"href":"https:\/\/www.coolpack.nl\/de\/wp-json\/wp\/v2\/product_tag?post=13090"}],"curies":[{"name":"wp","href":"https:\/\/api.w.org\/{rel}","templated":true}]}}