{"id":13098,"date":"2022-03-30T08:24:35","date_gmt":"2022-03-30T06:24:35","guid":{"rendered":"https:\/\/coolpack2025.webdeveloperz.nl\/unkategorisiert\/koelelement-950gr\/"},"modified":"2025-04-28T14:05:38","modified_gmt":"2025-04-28T12:05:38","slug":"kuhlelement-950gr","status":"publish","type":"product","link":"https:\/\/www.coolpack.nl\/de\/produkt\/kuhlelement-950gr\/","title":{"rendered":"Element 0 \u00b0C 950 g blau"},"content":{"rendered":"<p><strong>Das blaue K\u00fchlelement: ein Klassiker, mit dem wir bei Coolpack gro\u00df geworden sind. Standardm\u00e4\u00dfig erh\u00e4ltlich in 200g, 400g, 400g flach, 600g, 750g, 950g, 1100g und 1500g und produziert in unserem Werk in Assendelft. Perfekt f\u00fcr den gek\u00fchlten Transport von Fisch, Fleisch, Mahlzeiten, Gem\u00fcse, Obst, Schokolade, Molkereiprodukten, medizinischen Produkten, Lebensmitteln und vielem mehr!  <\/strong><\/p>\n<h3>Coolpack K\u00fchlelemente: hohe Qualit\u00e4t, zuverl\u00e4ssige Leistung<\/h3>\n<p>Wir von Coolpack garantieren K\u00fchlelemente, die w\u00e4hrend des Transports nicht auslaufen und eine hervorragende K\u00fchlleistung bieten. Standardm\u00e4\u00dfig h\u00e4lt dieses Element Ihre Produkte mindestens 24 Stunden lang bei einer Temperatur von 0\u00ba C bis 8\u00ba C gek\u00fchlt. F\u00fcr eine optimale Leistung verwenden Sie eine gut isolierte Verpackung, wie die wiederverwendbare <a title=\"EPP-Schachteln\" href=\"https:\/\/www.coolpack.nl\/de\/kuehlverpackungen\/epp-kuehlboxen\/\">EPP-K\u00fchlbox<\/a>.<\/p>\n<p>Alle unsere K\u00fchlelemente werden vor Ort in Assendelft hergestellt und k\u00f6nnen mit einer gek\u00fchlten F\u00fcllung mit eutektischem Schmelzpunkt bis zu -65\u00ba C oder bis zu +89\u00ba C gef\u00fcllt werden. Sie k\u00f6nnen sie also auch f\u00fcr den Tiefk\u00fchltransport oder f\u00fcr den Transport bei Umgebungstemperatur verwenden. Kontaktieren Sie uns f\u00fcr die M\u00f6glichkeiten. <\/p>\n<h3>Personalisieren Sie Ihr K\u00fchlelement<\/h3>\n<p>Sie k\u00f6nnen die K\u00fchlelemente auf verschiedene Weise personalisieren lassen. Vom Hinzuf\u00fcgen eines Etiketts (kleine Mengen) bis zum Ausstanzen Ihres Logos in der Form (ab 10.000 St\u00fcck). Sie k\u00f6nnen auch in der gew\u00fcnschten Anzahl verpackt und in einem Display geliefert werden.   Kontaktieren Sie uns f\u00fcr Optionen und ein unverbindliches <a title=\"Angebot anfordern\" href=\"https:\/\/www.coolpack.nl\/de\/angebot-anfragen\/\">Angebot<\/a>.<\/p>\n<h3>Nachhaltige Alternativen<\/h3>\n<p>Wenn Sie Mehrwegstr\u00f6me haben, sind wiederverwendbare K\u00fchlelemente eine viel nachhaltigere Wahl als Einweg-Gelpacks. Das Hartplastikmaterial, aus dem die K\u00fchlelemente hergestellt sind, ist standardm\u00e4\u00dfiges HDPE (High Density Polyethylen): stark, lange wiederverwendbar und zu 100% recycelbar. Aber wir bieten noch nachhaltigere Alternativen:  <\/p>\n<ul>\n<li><strong>rHDPE:<\/strong> Dieses Material ist recycelt und besteht zu mindestens 90% aus Regranulat. Nach Gebrauch wieder vollst\u00e4ndig recycelbar. <\/li>\n<li><strong>Biobasiert:<\/strong> Es handelt sich um einen Biokunststoff, der auf erneuerbaren Ressourcen (Zuckerrohr) anstelle von neuen Rohstoffen (\u00d6l) basiert. Au\u00dferdem ist er nach Gebrauch vollst\u00e4ndig recycelbar und kann unter Einhaltung der Lebensmittelsicherheitsvorschriften hergestellt werden. <\/li>\n<\/ul>\n<p>F\u00fcr beide Alternativen gelten Mindestmengen. Kontaktieren Sie uns f\u00fcr ein <a title=\"Angebot anfordern\" href=\"https:\/\/www.coolpack.nl\/de\/angebot-anfragen\/\">Angebot<\/a> und um die Optionen zu besprechen. <\/p>\n<h3>Anweisungen zum Recycling<\/h3>\n<p>Sie k\u00f6nnen unsere formstabilen K\u00fchlelemente viele Male wiederverwenden. Hat Ihr K\u00fchlelement das Ende seiner Lebensdauer erreicht? Tauen Sie es auf, geben Sie die F\u00fcllung in den Restm\u00fcll und recyceln Sie die Au\u00dfenflasche im Plastikm\u00fcll. Sie besteht aus HDPE und ist daher vollst\u00e4ndig recycelbar. Das Gleiche gilt f\u00fcr die nachhaltigen Alternativen rHDPE und erneuerbares HDPE.    <\/p>\n","protected":false},"excerpt":{"rendered":"<p>[single-product-attributes]<\/p>\n","protected":false},"featured_media":23895,"template":"","meta":{"_acf_changed":false,"site-sidebar-layout":"default","site-content-layout":"","ast-site-content-layout":"default","site-content-style":"default","site-sidebar-style":"default","ast-global-header-display":"","ast-banner-title-visibility":"","ast-main-header-display":"","ast-hfb-above-header-display":"","ast-hfb-below-header-display":"","ast-hfb-mobile-header-display":"","site-post-title":"","ast-breadcrumbs-content":"","ast-featured-img":"","footer-sml-layout":"","ast-disable-related-posts":"","theme-transparent-header-meta":"default","adv-header-id-meta":"","stick-header-meta":"","header-above-stick-meta":"","header-main-stick-meta":"","header-below-stick-meta":"","astra-migrate-meta-layouts":"default","ast-page-background-enabled":"default","ast-page-background-meta":{"desktop":{"background-color":"var(--ast-global-color-5)","background-image":"","background-repeat":"repeat","background-position":"center center","background-size":"auto","background-attachment":"scroll","background-type":"","background-media":"","overlay-type":"","overlay-color":"","overlay-opacity":"","overlay-gradient":""},"tablet":{"background-color":"","background-image":"","background-repeat":"repeat","background-position":"center center","background-size":"auto","background-attachment":"scroll","background-type":"","background-media":"","overlay-type":"","overlay-color":"","overlay-opacity":"","overlay-gradient":""},"mobile":{"background-color":"","background-image":"","background-repeat":"repeat","background-position":"center center","background-size":"auto","background-attachment":"scroll","background-type":"","background-media":"","overlay-type":"","overlay-color":"","overlay-opacity":"","overlay-gradient":""}},"ast-content-background-meta":{"desktop":{"background-color":"var(--ast-global-color-4)","background-image":"","background-repeat":"repeat","background-position":"center center","background-size":"auto","background-attachment":"scroll","background-type":"","background-media":"","overlay-type":"","overlay-color":"","overlay-opacity":"","overlay-gradient":""},"tablet":{"background-color":"var(--ast-global-color-4)","background-image":"","background-repeat":"repeat","background-position":"center center","background-size":"auto","background-attachment":"scroll","background-type":"","background-media":"","overlay-type":"","overlay-color":"","overlay-opacity":"","overlay-gradient":""},"mobile":{"background-color":"var(--ast-global-color-4)","background-image":"","background-repeat":"repeat","background-position":"center center","background-size":"auto","background-attachment":"scroll","background-type":"","background-media":"","overlay-type":"","overlay-color":"","overlay-opacity":"","overlay-gradient":""}}},"product_brand":[],"product_cat":[347],"product_tag":[349,348],"class_list":{"0":"post-13098","1":"product","2":"type-product","3":"status-publish","4":"has-post-thumbnail","6":"product_cat-kuhlakkus","7":"product_tag-food-proof-de","8":"product_tag-non-toxic-de","9":"product_shipping_class-einzelne-boxen","10":"pa_koelmiddelen-attribute-kuehlakkus","11":"pa_standaard-temperaturen-0c-de","12":"desktop-align-left","13":"tablet-align-left","14":"mobile-align-left","16":"first","17":"outofstock","18":"taxable","19":"shipping-taxable","20":"purchasable","21":"product-type-simple"},"acf":[],"_links":{"self":[{"href":"https:\/\/www.coolpack.nl\/de\/wp-json\/wp\/v2\/product\/13098","targetHints":{"allow":["GET"]}}],"collection":[{"href":"https:\/\/www.coolpack.nl\/de\/wp-json\/wp\/v2\/product"}],"about":[{"href":"https:\/\/www.coolpack.nl\/de\/wp-json\/wp\/v2\/types\/product"}],"wp:featuredmedia":[{"embeddable":true,"href":"https:\/\/www.coolpack.nl\/de\/wp-json\/wp\/v2\/media\/23895"}],"wp:attachment":[{"href":"https:\/\/www.coolpack.nl\/de\/wp-json\/wp\/v2\/media?parent=13098"}],"wp:term":[{"taxonomy":"product_brand","embeddable":true,"href":"https:\/\/www.coolpack.nl\/de\/wp-json\/wp\/v2\/product_brand?post=13098"},{"taxonomy":"product_cat","embeddable":true,"href":"https:\/\/www.coolpack.nl\/de\/wp-json\/wp\/v2\/product_cat?post=13098"},{"taxonomy":"product_tag","embeddable":true,"href":"https:\/\/www.coolpack.nl\/de\/wp-json\/wp\/v2\/product_tag?post=13098"}],"curies":[{"name":"wp","href":"https:\/\/api.w.org\/{rel}","templated":true}]}}