{"id":13104,"date":"2022-03-29T16:49:48","date_gmt":"2022-03-29T14:49:48","guid":{"rendered":"https:\/\/coolpack2025.webdeveloperz.nl\/unkategorisiert\/koelelement-600gr\/"},"modified":"2025-04-28T14:05:36","modified_gmt":"2025-04-28T12:05:36","slug":"kuhlelement-600gr","status":"publish","type":"product","link":"https:\/\/www.coolpack.nl\/de\/produkt\/kuhlelement-600gr\/","title":{"rendered":"Element 0 \u00b0C 600 g"},"content":{"rendered":"<h2><strong>K\u00fchlelement 0 \u00b0C 600 g<\/strong><\/h2>\n<p><strong>Wir von Coolpack sind stolz auf unser blaues K\u00fchlelement, eine unverzichtbare Komponente f\u00fcr den gek\u00fchlten Transport verschiedener Produkte. Erh\u00e4ltlich in verschiedenen Gewichten, von 200g bis 1500g, bieten unsere K\u00fchlelemente eine zuverl\u00e4ssige und effektive L\u00f6sung, um Ihre Produkte k\u00fchl zu halten.   <\/strong><\/p>\n<p>Sie werden an unserem Standort in Assendelft hergestellt und sind ideal f\u00fcr den Transport von Fisch, Fleisch, Speisen, Gem\u00fcse, Obst, Schokolade, Milchprodukten, medizinischen Ger\u00e4ten und Lebensmitteln. Unsere <a title=\"K\u00e4ltemittel\" href=\"https:\/\/www.coolpack.nl\/de\/kuhlmittel\/kuehlelemente\/\">K\u00fchlelemente<\/a> halten Ihre Waren mindestens 24 Stunden lang auf einer Temperatur zwischen 0\u00baC und 8\u00baC. <\/p>\n<h2>Kombinieren Sie dieses K\u00fchlelement<\/h2>\n<p>F\u00fcr eine optimale K\u00fchlleistung empfehlen wir die Kombination unserer <a title=\"K\u00e4ltemittel\" href=\"https:\/\/www.coolpack.nl\/de\/kuhlmittel\/kuehlelemente\/\">K\u00fchlelemente<\/a> mit einer gut isolierten Verpackung, wie der wiederverwendbaren 45-Liter-EPS-K\u00fchlbox. Diese Kombination sorgt daf\u00fcr, dass Ihre Produkte w\u00e4hrend des Transports perfekt gek\u00fchlt bleiben. Ob f\u00fcr den gek\u00fchlten, gefrorenen oder den Transport bei Umgebungstemperatur, unsere K\u00fchlelemente k\u00f6nnen mit einer K\u00fchlf\u00fcllung gef\u00fcllt werden, die f\u00fcr eine Vielzahl von Schmelzpunkten geeignet ist, von -65\u00baC bis +89\u00baC.  <\/p>\n<h3>Langlebige K\u00fchlelemente<\/h3>\n<p>Unsere K\u00fchlelemente sind nicht nur effektiv, sondern auch nachhaltig. Sie werden aus HDPE (High Density Polyethylene) hergestellt, einem starken und wiederverwendbaren Material, das zu 100% recycelbar ist. F\u00fcr Unternehmen, die auf der Suche nach nachhaltigen Alternativen sind, bieten wir auch K\u00fchlelemente aus rHDPE, einem recycelten Material, das zu mindestens 90% aus Regranulat besteht, und aus biobasiertem HDPE, einem Biokunststoff, der aus erneuerbaren Ressourcen wie Zuckerrohr gewonnen wird. Beide Alternativen sind nach Gebrauch vollst\u00e4ndig recycelbar und entsprechen den Vorschriften zur Lebensmittelsicherheit. Bei Verwendung von Mehrwegstr\u00f6men sind diese wiederverwendbaren K\u00fchlelemente eine umweltfreundlichere Wahl als Einweg-Gelpackungen.    <\/p>\n<h3>Personalisieren Sie<\/h3>\n<p>Wir bieten Ihnen die M\u00f6glichkeit, unsere K\u00fchlelemente <a title=\"Fragen Sie um Rat\" href=\"https:\/\/www.coolpack.nl\/de\/massgeschneiderte-beratung\/\">zu personalisieren<\/a>. Das reicht vom Hinzuf\u00fcgen eines Etiketts f\u00fcr kleinere Mengen bis zur Integration Ihres Logos in die Form f\u00fcr gr\u00f6\u00dfere Auflagen (ab 10.000 St\u00fcck). Wir k\u00f6nnen die K\u00fchlelemente auch in Mengen nach Ihren W\u00fcnschen verpacken und in einem Display ausliefern. Kontaktieren Sie uns f\u00fcr die verschiedenen Personalisierungsm\u00f6glichkeiten und ein <a title=\"Angebot anfordern\" href=\"https:\/\/www.coolpack.nl\/de\/angebot-anfragen\/\">unverbindliches Angebot<\/a> f\u00fcr unsere <a title=\"Alle K\u00fchlmittel anzeigen\" href=\"https:\/\/www.coolpack.nl\/de\/kuhlmittel\/\">K\u00fchlelemente<\/a>.   <\/p>\n","protected":false},"excerpt":{"rendered":"<p>Dieses 600 Gramm schwere K\u00fchlelement h\u00e4lt Ihre Waren mindestens 24 Stunden lang auf einer Temperatur zwischen 0\u00baC und 8\u00baC.<\/p>\n","protected":false},"featured_media":23903,"template":"","meta":{"_acf_changed":false,"site-sidebar-layout":"default","site-content-layout":"","ast-site-content-layout":"default","site-content-style":"default","site-sidebar-style":"default","ast-global-header-display":"","ast-banner-title-visibility":"","ast-main-header-display":"","ast-hfb-above-header-display":"","ast-hfb-below-header-display":"","ast-hfb-mobile-header-display":"","site-post-title":"","ast-breadcrumbs-content":"","ast-featured-img":"","footer-sml-layout":"","ast-disable-related-posts":"","theme-transparent-header-meta":"default","adv-header-id-meta":"","stick-header-meta":"","header-above-stick-meta":"","header-main-stick-meta":"","header-below-stick-meta":"","astra-migrate-meta-layouts":"default","ast-page-background-enabled":"default","ast-page-background-meta":{"desktop":{"background-color":"var(--ast-global-color-5)","background-image":"","background-repeat":"repeat","background-position":"center center","background-size":"auto","background-attachment":"scroll","background-type":"","background-media":"","overlay-type":"","overlay-color":"","overlay-opacity":"","overlay-gradient":""},"tablet":{"background-color":"","background-image":"","background-repeat":"repeat","background-position":"center center","background-size":"auto","background-attachment":"scroll","background-type":"","background-media":"","overlay-type":"","overlay-color":"","overlay-opacity":"","overlay-gradient":""},"mobile":{"background-color":"","background-image":"","background-repeat":"repeat","background-position":"center center","background-size":"auto","background-attachment":"scroll","background-type":"","background-media":"","overlay-type":"","overlay-color":"","overlay-opacity":"","overlay-gradient":""}},"ast-content-background-meta":{"desktop":{"background-color":"var(--ast-global-color-4)","background-image":"","background-repeat":"repeat","background-position":"center center","background-size":"auto","background-attachment":"scroll","background-type":"","background-media":"","overlay-type":"","overlay-color":"","overlay-opacity":"","overlay-gradient":""},"tablet":{"background-color":"var(--ast-global-color-4)","background-image":"","background-repeat":"repeat","background-position":"center center","background-size":"auto","background-attachment":"scroll","background-type":"","background-media":"","overlay-type":"","overlay-color":"","overlay-opacity":"","overlay-gradient":""},"mobile":{"background-color":"var(--ast-global-color-4)","background-image":"","background-repeat":"repeat","background-position":"center center","background-size":"auto","background-attachment":"scroll","background-type":"","background-media":"","overlay-type":"","overlay-color":"","overlay-opacity":"","overlay-gradient":""}}},"product_brand":[],"product_cat":[347],"product_tag":[349,348],"class_list":{"0":"post-13104","1":"product","2":"type-product","3":"status-publish","4":"has-post-thumbnail","6":"product_cat-kuhlakkus","7":"product_tag-food-proof-de","8":"product_tag-non-toxic-de","9":"product_shipping_class-einzelne-boxen","10":"pa_koelmiddelen-attribute-kuehlakkus","11":"pa_standaard-temperaturen-0c-de","12":"desktop-align-left","13":"tablet-align-left","14":"mobile-align-left","16":"first","17":"outofstock","18":"taxable","19":"shipping-taxable","20":"purchasable","21":"product-type-simple"},"acf":[],"_links":{"self":[{"href":"https:\/\/www.coolpack.nl\/de\/wp-json\/wp\/v2\/product\/13104","targetHints":{"allow":["GET"]}}],"collection":[{"href":"https:\/\/www.coolpack.nl\/de\/wp-json\/wp\/v2\/product"}],"about":[{"href":"https:\/\/www.coolpack.nl\/de\/wp-json\/wp\/v2\/types\/product"}],"wp:featuredmedia":[{"embeddable":true,"href":"https:\/\/www.coolpack.nl\/de\/wp-json\/wp\/v2\/media\/23903"}],"wp:attachment":[{"href":"https:\/\/www.coolpack.nl\/de\/wp-json\/wp\/v2\/media?parent=13104"}],"wp:term":[{"taxonomy":"product_brand","embeddable":true,"href":"https:\/\/www.coolpack.nl\/de\/wp-json\/wp\/v2\/product_brand?post=13104"},{"taxonomy":"product_cat","embeddable":true,"href":"https:\/\/www.coolpack.nl\/de\/wp-json\/wp\/v2\/product_cat?post=13104"},{"taxonomy":"product_tag","embeddable":true,"href":"https:\/\/www.coolpack.nl\/de\/wp-json\/wp\/v2\/product_tag?post=13104"}],"curies":[{"name":"wp","href":"https:\/\/api.w.org\/{rel}","templated":true}]}}