{"id":13112,"date":"2022-03-29T16:15:39","date_gmt":"2022-03-29T14:15:39","guid":{"rendered":"https:\/\/coolpack2025.webdeveloperz.nl\/unkategorisiert\/eps-30l-pallet-102\/"},"modified":"2025-04-28T14:05:33","modified_gmt":"2025-04-28T12:05:33","slug":"eps-30l-palette-102","status":"publish","type":"product","link":"https:\/\/www.coolpack.nl\/de\/produkt\/eps-30l-palette-102\/","title":{"rendered":"EPS-Box 30 Liter, inkl. Deckel (Palette)"},"content":{"rendered":"<h2><strong>EPS-Box 30L<\/strong><\/h2>\n<p><strong>Bestellen Sie jetzt diese Palette mit 30L EPS-Boxen mit Deckeln. Eine Palette enth\u00e4lt 35 EPS-Boxen 30L inklusive Deckel.   <\/strong><\/p>\n<h2>Verwenden Sie EPS-Boxen<\/h2>\n<p>EPS-Boxen werden haupts\u00e4chlich f\u00fcr gek\u00fchlte oder gefrorene Sendungen verwendet. Durch die Kombination der Styroporbox mit einem K\u00fchl- oder Gefriermittel, wie unseren K\u00fchlelementen oder Gelpacks, sind sie ideal, um eine stabile Temperatur w\u00e4hrend des Transports zu gew\u00e4hrleisten. Daher werden unsere EPS-Boxen h\u00e4ufig als <a title=\"Alle Verpackungen ansehen\" href=\"https:\/\/www.coolpack.nl\/de\/kuehlverpackungen\/\">K\u00fchlverpackungen<\/a> in Branchen mit empfindlichen Produkten verwendet, wie z.B. in der Lebensmittel- und Medizinbranche.  <\/p>\n<h2>Merkmale von Styropor-K\u00fchlboxen:<\/h2>\n<div class=\"flex-shrink-0 flex flex-col relative items-end\">\n<div>\n<div class=\"pt-0\"><\/div>\n<\/div>\n<\/div>\n<div class=\"group\/conversation-turn relative flex w-full min-w-0 flex-col agent-turn\">\n<div class=\"flex-col gap-1 md:gap-3\">\n<div class=\"flex flex-grow flex-col max-w-full\">\n<div class=\"min-h-[20px] text-message flex w-full flex-col items-end gap-2 whitespace-pre-wrap break-words [.text-message+&amp;]:mt-5 overflow-x-auto\" dir=\"auto\" data-message-author-role=\"assistant\" data-message-id=\"13ac3eb6-f464-4589-824d-e7ca8ef49de5\">\n<div class=\"flex w-full flex-col gap-1 empty:hidden first:pt-[3px]\">\n<div class=\"markdown prose w-full break-words dark:prose-invert light\">\n<p>Die <a title=\"Styropor-Boxen\" href=\"https:\/\/www.coolpack.nl\/de\/kuehlverpackungen\/eps-styroporboxen\/\">EPS-K\u00fchlboxen<\/a> haben dank ihrer Wandst\u00e4rke von 3,5 cm eine hohe Isolierkapazit\u00e4t. Sie sind bei Recyclingunternehmen recycelbar und bieten optimalen Schutz f\u00fcr Ihre Produkte. Diese Boxen sind ideal f\u00fcr den gek\u00fchlten oder klimatisierten Transport und werden in Kombination mit Gelpacks oder Wasserpacks empfohlen.  <\/p>\n<\/div>\n<\/div>\n<\/div>\n<\/div>\n<\/div>\n<\/div>\n<h3>Lieferung<\/h3>\n<p>Die Ware wird auf zwei Paletten (Kartons und Deckel getrennt) und ohne Umkartons geliefert.<\/p>\n<p>Wir liefern EPS-Boxen mit einem Fassungsverm\u00f6gen von 4,7, 10, 17,5, 30 und 45 Litern ab Lager, aber die M\u00f6glichkeiten sind endlos. Sie k\u00f6nnen sie pro St\u00fcck oder pro Palette bestellen. <\/p>\n<p>M\u00f6chten Sie eine gro\u00dfe Anzahl von EPS-Boxen bestellen? Dann fordern Sie am besten ein <a title=\"Angebot anfordern\" href=\"https:\/\/www.coolpack.nl\/de\/angebot-anfragen\/\">Angebot<\/a> f\u00fcr einen ma\u00dfgeschneiderten Preis an. Ben\u00f6tigen Sie eine <a title=\"Fragen Sie um Rat\" href=\"https:\/\/www.coolpack.nl\/de\/massgeschneiderte-beratung\/\">andere Gr\u00f6\u00dfe<\/a> oder wissen Sie nicht, welche Wandst\u00e4rke f\u00fcr Ihre Anwendung die richtige ist?   Wenn ja, k\u00f6nnen Sie uns gerne <a title=\"Kontakt aufnehmen\" href=\"https:\/\/www.coolpack.nl\/de\/kontakt\/\">kontaktieren<\/a>.<\/p>\n<h2>Verwendung von Styropor-K\u00fchlboxen<\/h2>\n<p>Diese <a title=\"Styropor-Boxen\" href=\"https:\/\/www.coolpack.nl\/de\/kuehlverpackungen\/eps-styroporboxen\/\">EPS-Boxen<\/a> haben einen sehr guten Isolierwert und sind au\u00dferdem wiederverwendbar. Wir empfehlen, die EPS-Box in Kombination mit einem K\u00fchl- oder Gefriermittel f\u00fcr die von Ihnen gew\u00fcnschte Transporttemperatur zu verwenden. F\u00fcr den Transport ohne R\u00fccktransport empfehlen wir Gelpacks.  <\/p>\n<h3>Informationen zum Recyceln Styropor-EPS-Box<\/h3>\n<p>Wenn er sauber ist, kann der EPS-Karton in einer Recyclinganlage zu 100% wiederverwertet werden. EPS (expandiertes Polystyrol, auch Styropor oder Tempex genannt) ist eine Kunststoffform, die zu 98% aus Luft besteht. Um EPS zu recyceln, muss es daher zun\u00e4chst komprimiert werden. Es gibt verschiedene Anbieter, die EPS komprimieren und recyceln k\u00f6nnen.    Sie k\u00f6nnen Ihre ausgedienten EPS-Boxen von einer solchen Stelle abholen lassen und erhalten in vielen F\u00e4llen eine Entsch\u00e4digung daf\u00fcr. F\u00fcr das Recycling muss das Material jedoch sauber sein. <\/p>\n","protected":false},"excerpt":{"rendered":"<p>Bestellen Sie jetzt diese Palette mit 30L EPS-Boxen mit Deckeln. Eine Palette enth\u00e4lt 35 EPS-Boxen 30L inklusive Deckel. <\/p>\n","protected":false},"featured_media":8728,"template":"","meta":{"_acf_changed":false,"site-sidebar-layout":"default","site-content-layout":"","ast-site-content-layout":"default","site-content-style":"default","site-sidebar-style":"default","ast-global-header-display":"","ast-banner-title-visibility":"","ast-main-header-display":"","ast-hfb-above-header-display":"","ast-hfb-below-header-display":"","ast-hfb-mobile-header-display":"","site-post-title":"","ast-breadcrumbs-content":"","ast-featured-img":"","footer-sml-layout":"","ast-disable-related-posts":"","theme-transparent-header-meta":"default","adv-header-id-meta":"","stick-header-meta":"","header-above-stick-meta":"","header-main-stick-meta":"","header-below-stick-meta":"","astra-migrate-meta-layouts":"default","ast-page-background-enabled":"default","ast-page-background-meta":{"desktop":{"background-color":"var(--ast-global-color-5)","background-image":"","background-repeat":"repeat","background-position":"center center","background-size":"auto","background-attachment":"scroll","background-type":"","background-media":"","overlay-type":"","overlay-color":"","overlay-opacity":"","overlay-gradient":""},"tablet":{"background-color":"","background-image":"","background-repeat":"repeat","background-position":"center center","background-size":"auto","background-attachment":"scroll","background-type":"","background-media":"","overlay-type":"","overlay-color":"","overlay-opacity":"","overlay-gradient":""},"mobile":{"background-color":"","background-image":"","background-repeat":"repeat","background-position":"center center","background-size":"auto","background-attachment":"scroll","background-type":"","background-media":"","overlay-type":"","overlay-color":"","overlay-opacity":"","overlay-gradient":""}},"ast-content-background-meta":{"desktop":{"background-color":"var(--ast-global-color-4)","background-image":"","background-repeat":"repeat","background-position":"center center","background-size":"auto","background-attachment":"scroll","background-type":"","background-media":"","overlay-type":"","overlay-color":"","overlay-opacity":"","overlay-gradient":""},"tablet":{"background-color":"var(--ast-global-color-4)","background-image":"","background-repeat":"repeat","background-position":"center center","background-size":"auto","background-attachment":"scroll","background-type":"","background-media":"","overlay-type":"","overlay-color":"","overlay-opacity":"","overlay-gradient":""},"mobile":{"background-color":"var(--ast-global-color-4)","background-image":"","background-repeat":"repeat","background-position":"center center","background-size":"auto","background-attachment":"scroll","background-type":"","background-media":"","overlay-type":"","overlay-color":"","overlay-opacity":"","overlay-gradient":""}}},"product_brand":[],"product_cat":[372],"product_tag":[],"class_list":{"0":"post-13112","1":"product","2":"type-product","3":"status-publish","4":"has-post-thumbnail","6":"product_cat-eps-boxen-styroporboxen","7":"product_shipping_class-paletten","8":"desktop-align-left","9":"tablet-align-left","10":"mobile-align-left","12":"first","13":"instock","14":"taxable","15":"shipping-taxable","16":"purchasable","17":"product-type-simple"},"acf":[],"_links":{"self":[{"href":"https:\/\/www.coolpack.nl\/de\/wp-json\/wp\/v2\/product\/13112","targetHints":{"allow":["GET"]}}],"collection":[{"href":"https:\/\/www.coolpack.nl\/de\/wp-json\/wp\/v2\/product"}],"about":[{"href":"https:\/\/www.coolpack.nl\/de\/wp-json\/wp\/v2\/types\/product"}],"wp:featuredmedia":[{"embeddable":true,"href":"https:\/\/www.coolpack.nl\/de\/wp-json\/wp\/v2\/media\/8728"}],"wp:attachment":[{"href":"https:\/\/www.coolpack.nl\/de\/wp-json\/wp\/v2\/media?parent=13112"}],"wp:term":[{"taxonomy":"product_brand","embeddable":true,"href":"https:\/\/www.coolpack.nl\/de\/wp-json\/wp\/v2\/product_brand?post=13112"},{"taxonomy":"product_cat","embeddable":true,"href":"https:\/\/www.coolpack.nl\/de\/wp-json\/wp\/v2\/product_cat?post=13112"},{"taxonomy":"product_tag","embeddable":true,"href":"https:\/\/www.coolpack.nl\/de\/wp-json\/wp\/v2\/product_tag?post=13112"}],"curies":[{"name":"wp","href":"https:\/\/api.w.org\/{rel}","templated":true}]}}