{"id":20319,"date":"2024-10-31T15:29:33","date_gmt":"2024-10-31T14:29:33","guid":{"rendered":"https:\/\/coolpack2025.webdeveloperz.nl\/?post_type=product&#038;p=20319"},"modified":"2026-04-03T12:53:16","modified_gmt":"2026-04-03T10:53:16","slug":"promo-element-0-c-200-g-transparentes-blaues-gel","status":"publish","type":"product","link":"https:\/\/www.coolpack.nl\/de\/produkt\/promo-element-0-c-200-g-transparentes-blaues-gel\/","title":{"rendered":"PROMO: Element 0 \u00b0C 200 g transparentes, blaues Gel"},"content":{"rendered":"<h2><strong>JETZT im Angebot:<br \/>\nElement 0\u00b0C 200g transparent transparent mit blauem lebensmittelechtem Gel auf der Basis von 0\u00b0C K\u00fchlung!<br \/>\nIm Angebot pro 60 St\u00fcck in 1 Box (regul\u00e4rer Preis \u20ac50.30 pro Box)  <\/strong><\/h2>\n<p><strong>Das durchsichtige blaue 200-Gramm-K\u00fchlelement auf Gelbasis.<br \/>\nEine Schwester des blauen Klassikers, mit dem wir bei Coolpack aufgewachsen sind. Perfekt f\u00fcr den gek\u00fchlten Transport von Fisch, Fleisch, Mahlzeiten, Gem\u00fcse, Obst, Schokolade, Milchprodukten, medizinischem Bedarf, Lebensmitteln und mehr! <\/strong><\/p>\n<h2>Coolpack K\u00fchlelemente: hohe Qualit\u00e4t, zuverl\u00e4ssige Leistung<\/h2>\n<p>Wir von Coolpack garantieren <a title=\"K\u00e4ltemittel\" href=\"https:\/\/www.coolpack.nl\/de\/kuhlmittel\/kuehlelemente\/\">K\u00fchlelemente<\/a>, die w\u00e4hrend des Transports nicht auslaufen und eine hervorragende K\u00fchlleistung bieten. Standardm\u00e4\u00dfig h\u00e4lt dieses Element Ihre Produkte mindestens 24 Stunden lang bei einer Temperatur von 0\u00ba C bis 8\u00ba C gek\u00fchlt. F\u00fcr eine optimale Leistung verwenden Sie eine gut isolierte Verpackung, wie die wiederverwendbare <a title=\"EPP-Schachteln\" href=\"https:\/\/www.coolpack.nl\/de\/kuehlverpackungen\/epp-kuehlboxen\/\">EPP-K\u00fchlbox<\/a>. <\/p>\n<p>Alle unsere K\u00fchlelemente werden vor Ort in Assendelft hergestellt und k\u00f6nnen mit einer gek\u00fchlten F\u00fcllung mit eutektischem Schmelzpunkt bis -65\u00ba C oder bis +89\u00ba C gef\u00fcllt werden. Sie k\u00f6nnen sie also auch f\u00fcr den Tiefk\u00fchltransport oder f\u00fcr den Transport bei Umgebungstemperatur verwenden. Kontaktieren Sie uns f\u00fcr die M\u00f6glichkeiten. <\/p>\n<h2>Standardgr\u00f6\u00dfen unserer K\u00fchlelemente<\/h2>\n<p>Standardm\u00e4\u00dfig erh\u00e4ltlich in:<\/p>\n<ul>\n<li>200 Gramm<\/li>\n<li><a title=\"Hier bestellen\" href=\"https:\/\/www.coolpack.nl\/koelelementen\/koelelement-400-gram\/\">400 g<\/a><\/li>\n<li><a title=\"Hier bestellen\" href=\"https:\/\/www.coolpack.nl\/koelelementen\/koelelement-600gr\/\">600 Gramm<\/a><\/li>\n<li><a title=\"Hier bestellen\" href=\"https:\/\/www.coolpack.nl\/koelelementen\/koelelement-750gr\/\">750 g<\/a><\/li>\n<li><a title=\"Hier bestellen\" href=\"https:\/\/www.coolpack.nl\/koelelementen\/koelelement-950gr\/\">950 g<\/a><\/li>\n<li><a title=\"Hier bestellen\" href=\"https:\/\/www.coolpack.nl\/koelelementen\/koelelement-1100gr\/\">1100 Gramm<\/a><\/li>\n<li><a title=\"Hier bestellen\" href=\"https:\/\/www.coolpack.nl\/koelelementen\/koelelement-1500-gram\/\">1500 Gramm<\/a><\/li>\n<\/ul>\n<h2>Personalisieren Sie Ihr K\u00fchlelement<\/h2>\n<p>Sie k\u00f6nnen die K\u00fchlelemente auf verschiedene Weise <a title=\"Fragen Sie um Rat\" href=\"https:\/\/www.coolpack.nl\/de\/massgeschneiderte-beratung\/\">personalisieren<\/a> lassen. Vom Hinzuf\u00fcgen eines Etiketts (kleine Mengen) bis zum Ausstanzen Ihres Logos in der Form (ab 10.000 St\u00fcck). Sie k\u00f6nnen auch in der gew\u00fcnschten Anzahl verpackt und in einem Display geliefert werden. Setzen Sie sich mit uns in Verbindung, um <a title=\"Fragen Sie um Rat\" href=\"https:\/\/www.coolpack.nl\/de\/massgeschneiderte-beratung\/\">die M\u00f6glichkeiten der Personalisierung<\/a> zu erfragen und ein unverbindliches <a title=\"Angebot anfordern\" href=\"https:\/\/www.coolpack.nl\/de\/angebot-anfragen\/\">Angebot zu<\/a> erhalten.   <\/p>\n<h3>Umweltfreundliche Optionen<\/h3>\n<p>Entscheiden Sie sich f\u00fcr Nachhaltigkeit mit unseren wiederverwendbaren K\u00fchll\u00f6sungen, eine bewusste Entscheidung gegen\u00fcber Einweg-Gelpackungen. Unsere K\u00fchlelemente sind aus stabilem, langfristig wiederverwendbarem HDPE (High Density Polyethylen) hergestellt, das vollst\u00e4ndig recycelbar ist und die Umwelt schont. Entdecken Sie auch unsere noch nachhaltigeren Alternativen:  <\/p>\n<ul>\n<li><strong>rHDPE<\/strong>: Hergestellt aus mindestens 90% recyceltem Material, mit einem vollst\u00e4ndig recycelbaren Lebenszyklus.<\/li>\n<li><strong>Biobasiert<\/strong>: Dieser Biokunststoff wird aus nachwachsenden Rohstoffen wie Zuckerrohr hergestellt und bietet eine recycelbare L\u00f6sung, die den Standards der Lebensmittelsicherheit entspricht.<\/li>\n<\/ul>\n<p>F\u00fcr beide Optionen gilt eine Mindestbestellmenge. Kontaktieren Sie uns noch heute, um ein Angebot zu erhalten und weitere Optionen zu besprechen. <\/p>\n<h3>Anweisungen zum Recycling<\/h3>\n<p>Sie k\u00f6nnen unsere <a title=\"K\u00e4ltemittel\" href=\"https:\/\/www.coolpack.nl\/de\/kuhlmittel\/kuehlelemente\/\">formstabilen K\u00fchlelemente<\/a> viele Male wiederverwenden. Hat Ihr K\u00fchlelement das Ende seiner Lebensdauer erreicht? Tauen Sie es auf, geben Sie die F\u00fcllung in den Restm\u00fcll und recyceln Sie die Au\u00dfenflasche im Plastikm\u00fcll. Sie besteht aus HDPE und ist daher vollst\u00e4ndig recycelbar. Das Gleiche gilt f\u00fcr die nachhaltigen Alternativen rHDPE und erneuerbares HDPE.    <\/p>\n","protected":false},"excerpt":{"rendered":"<p>JETZT im Angebot: Element 0\u00b0C 200g transparent transparent mit blauem lebensmittelechtem Gel auf der Basis von 0\u00b0C K\u00fchlung! Im Angebot [&hellip;]<\/p>\n","protected":false},"featured_media":23826,"template":"","meta":{"_acf_changed":false,"site-sidebar-layout":"default","site-content-layout":"","ast-site-content-layout":"default","site-content-style":"default","site-sidebar-style":"default","ast-global-header-display":"","ast-banner-title-visibility":"","ast-main-header-display":"","ast-hfb-above-header-display":"","ast-hfb-below-header-display":"","ast-hfb-mobile-header-display":"","site-post-title":"","ast-breadcrumbs-content":"","ast-featured-img":"","footer-sml-layout":"","ast-disable-related-posts":"","theme-transparent-header-meta":"default","adv-header-id-meta":"","stick-header-meta":"","header-above-stick-meta":"","header-main-stick-meta":"","header-below-stick-meta":"","astra-migrate-meta-layouts":"set","ast-page-background-enabled":"default","ast-page-background-meta":{"desktop":{"background-color":"var(--ast-global-color-5)","background-image":"","background-repeat":"repeat","background-position":"center center","background-size":"auto","background-attachment":"scroll","background-type":"","background-media":"","overlay-type":"","overlay-color":"","overlay-opacity":"","overlay-gradient":""},"tablet":{"background-color":"","background-image":"","background-repeat":"repeat","background-position":"center center","background-size":"auto","background-attachment":"scroll","background-type":"","background-media":"","overlay-type":"","overlay-color":"","overlay-opacity":"","overlay-gradient":""},"mobile":{"background-color":"","background-image":"","background-repeat":"repeat","background-position":"center center","background-size":"auto","background-attachment":"scroll","background-type":"","background-media":"","overlay-type":"","overlay-color":"","overlay-opacity":"","overlay-gradient":""}},"ast-content-background-meta":{"desktop":{"background-color":"var(--ast-global-color-4)","background-image":"","background-repeat":"repeat","background-position":"center center","background-size":"auto","background-attachment":"scroll","background-type":"","background-media":"","overlay-type":"","overlay-color":"","overlay-opacity":"","overlay-gradient":""},"tablet":{"background-color":"var(--ast-global-color-4)","background-image":"","background-repeat":"repeat","background-position":"center center","background-size":"auto","background-attachment":"scroll","background-type":"","background-media":"","overlay-type":"","overlay-color":"","overlay-opacity":"","overlay-gradient":""},"mobile":{"background-color":"var(--ast-global-color-4)","background-image":"","background-repeat":"repeat","background-position":"center center","background-size":"auto","background-attachment":"scroll","background-type":"","background-media":"","overlay-type":"","overlay-color":"","overlay-opacity":"","overlay-gradient":""}}},"product_brand":[],"product_cat":[347],"product_tag":[],"class_list":{"0":"post-20319","1":"product","2":"type-product","3":"status-publish","4":"has-post-thumbnail","6":"product_cat-kuhlakkus","7":"product_shipping_class-einzelne-boxen","8":"pa_koelmiddelen-attribute-kuehlakkus","9":"pa_standaard-temperaturen-0c-de","10":"desktop-align-left","11":"tablet-align-left","12":"mobile-align-left","14":"first","15":"instock","16":"sale","17":"taxable","18":"shipping-taxable","19":"purchasable","20":"product-type-simple"},"acf":[],"_links":{"self":[{"href":"https:\/\/www.coolpack.nl\/de\/wp-json\/wp\/v2\/product\/20319","targetHints":{"allow":["GET"]}}],"collection":[{"href":"https:\/\/www.coolpack.nl\/de\/wp-json\/wp\/v2\/product"}],"about":[{"href":"https:\/\/www.coolpack.nl\/de\/wp-json\/wp\/v2\/types\/product"}],"wp:featuredmedia":[{"embeddable":true,"href":"https:\/\/www.coolpack.nl\/de\/wp-json\/wp\/v2\/media\/23826"}],"wp:attachment":[{"href":"https:\/\/www.coolpack.nl\/de\/wp-json\/wp\/v2\/media?parent=20319"}],"wp:term":[{"taxonomy":"product_brand","embeddable":true,"href":"https:\/\/www.coolpack.nl\/de\/wp-json\/wp\/v2\/product_brand?post=20319"},{"taxonomy":"product_cat","embeddable":true,"href":"https:\/\/www.coolpack.nl\/de\/wp-json\/wp\/v2\/product_cat?post=20319"},{"taxonomy":"product_tag","embeddable":true,"href":"https:\/\/www.coolpack.nl\/de\/wp-json\/wp\/v2\/product_tag?post=20319"}],"curies":[{"name":"wp","href":"https:\/\/api.w.org\/{rel}","templated":true}]}}